{"id":3002,"date":"2024-10-08T10:23:49","date_gmt":"2024-10-08T13:23:49","guid":{"rendered":"https:\/\/congressomundialdeeducacao.com.br\/?page_id=3002"},"modified":"2024-10-08T10:23:49","modified_gmt":"2024-10-08T13:23:49","slug":"certificado-2023","status":"publish","type":"page","link":"https:\/\/congressomundialdeeducacao.com.br\/es\/certificado\/","title":{"rendered":"Certificado"},"content":{"rendered":"<p><\/p>\n<h3><strong>Hola,<\/strong><\/h3>\n<h3><strong>selecciona la ponencia a continuaci\u00f3n y completa tu nombre en el campo para generar tu certificado de participaci\u00f3n.<\/strong><\/h3>\n<p>&nbsp;<\/p>","protected":false},"excerpt":{"rendered":"<p>Hola, selecciona la ponencia a continuaci\u00f3n y completa tu nombre en el campo para generar tu certificado de participaci\u00f3n. &nbsp;<\/p>\n","protected":false},"author":1,"featured_media":679,"parent":0,"menu_order":0,"comment_status":"closed","ping_status":"closed","template":"page-certificado-2023.php","meta":{"_acf_changed":false,"footnotes":""},"class_list":["post-3002","page","type-page","status-publish","has-post-thumbnail","hentry"],"acf":[],"yoast_head":"<!-- This site is optimized with the Yoast SEO plugin v25.5 - https:\/\/yoast.com\/wordpress\/plugins\/seo\/ -->\n<title>Certificado - 6\u00ba Congreso Mundial de Educaci\u00f3n Sesc RJ<\/title>\n<meta name=\"robots\" content=\"index, follow, max-snippet:-1, max-image-preview:large, max-video-preview:-1\" \/>\n<link rel=\"canonical\" href=\"https:\/\/congressomundialdeeducacao.com.br\/es\/certificado\/\" \/>\n<meta property=\"og:locale\" content=\"es_ES\" \/>\n<meta property=\"og:type\" content=\"article\" \/>\n<meta property=\"og:title\" content=\"Certificado - 6\u00ba Congreso Mundial de Educaci\u00f3n Sesc RJ\" \/>\n<meta property=\"og:description\" content=\"Hola, selecciona la ponencia a continuaci\u00f3n y completa tu nombre en el campo para generar tu certificado de participaci\u00f3n. &nbsp;\" \/>\n<meta property=\"og:url\" content=\"https:\/\/congressomundialdeeducacao.com.br\/es\/certificado\/\" \/>\n<meta property=\"og:site_name\" content=\"6\u00ba Congreso Mundial de Educaci\u00f3n Sesc RJ\" \/>\n<meta property=\"og:image\" content=\"https:\/\/congressomundialdeeducacao.com.br\/wp-content\/uploads\/2021\/09\/banner_palestras_final.png\" \/>\n\t<meta property=\"og:image:width\" content=\"1920\" \/>\n\t<meta property=\"og:image:height\" content=\"335\" \/>\n\t<meta property=\"og:image:type\" content=\"image\/png\" \/>\n<meta name=\"twitter:card\" content=\"summary_large_image\" \/>\n<meta name=\"twitter:label1\" content=\"Tiempo de lectura\" \/>\n\t<meta name=\"twitter:data1\" content=\"1 minuto\" \/>\n<script type=\"application\/ld+json\" class=\"yoast-schema-graph\">{\"@context\":\"https:\/\/schema.org\",\"@graph\":[{\"@type\":\"WebPage\",\"@id\":\"https:\/\/congressomundialdeeducacao.com.br\/es\/certificado\/\",\"url\":\"https:\/\/congressomundialdeeducacao.com.br\/es\/certificado\/\",\"name\":\"Certificado - 6\u00ba Congreso Mundial de Educaci\u00f3n Sesc RJ\",\"isPartOf\":{\"@id\":\"https:\/\/congressomundialdeeducacao.com.br\/es\/#website\"},\"primaryImageOfPage\":{\"@id\":\"https:\/\/congressomundialdeeducacao.com.br\/es\/certificado\/#primaryimage\"},\"image\":{\"@id\":\"https:\/\/congressomundialdeeducacao.com.br\/es\/certificado\/#primaryimage\"},\"thumbnailUrl\":\"https:\/\/congressomundialdeeducacao.com.br\/wp-content\/uploads\/2021\/09\/banner_palestras_final.png\",\"datePublished\":\"2024-10-08T13:23:49+00:00\",\"breadcrumb\":{\"@id\":\"https:\/\/congressomundialdeeducacao.com.br\/es\/certificado\/#breadcrumb\"},\"inLanguage\":\"es\",\"potentialAction\":[{\"@type\":\"ReadAction\",\"target\":[[\"https:\/\/congressomundialdeeducacao.com.br\/es\/certificado\/\"]]}]},{\"@type\":\"ImageObject\",\"inLanguage\":\"es\",\"@id\":\"https:\/\/congressomundialdeeducacao.com.br\/es\/certificado\/#primaryimage\",\"url\":\"https:\/\/congressomundialdeeducacao.com.br\/wp-content\/uploads\/2021\/09\/banner_palestras_final.png\",\"contentUrl\":\"https:\/\/congressomundialdeeducacao.com.br\/wp-content\/uploads\/2021\/09\/banner_palestras_final.png\",\"width\":1920,\"height\":335},{\"@type\":\"BreadcrumbList\",\"@id\":\"https:\/\/congressomundialdeeducacao.com.br\/es\/certificado\/#breadcrumb\",\"itemListElement\":[{\"@type\":\"ListItem\",\"position\":1,\"name\":\"Home\",\"item\":\"https:\/\/congressomundialdeeducacao.com.br\/es\/\"},{\"@type\":\"ListItem\",\"position\":2,\"name\":\"Certificado\"}]},{\"@type\":\"WebSite\",\"@id\":\"https:\/\/congressomundialdeeducacao.com.br\/es\/#website\",\"url\":\"https:\/\/congressomundialdeeducacao.com.br\/es\/\",\"name\":\"6\u00ba Congreso Mundial de Educaci\u00f3n Sesc RJ\",\"description\":\"5\u00ba Congreso Mundial de Educaci\u00f3n Sesc RJ\",\"potentialAction\":[{\"@type\":\"SearchAction\",\"target\":{\"@type\":\"EntryPoint\",\"urlTemplate\":\"https:\/\/congressomundialdeeducacao.com.br\/es\/?s={search_term_string}\"},\"query-input\":{\"@type\":\"PropertyValueSpecification\",\"valueRequired\":true,\"valueName\":\"search_term_string\"}}],\"inLanguage\":\"es\"}]}<\/script>\n<!-- \/ Yoast SEO plugin. -->","yoast_head_json":{"title":"Certificado - 6\u00ba Congreso Mundial de Educaci\u00f3n Sesc RJ","robots":{"index":"index","follow":"follow","max-snippet":"max-snippet:-1","max-image-preview":"max-image-preview:large","max-video-preview":"max-video-preview:-1"},"canonical":"https:\/\/congressomundialdeeducacao.com.br\/es\/certificado\/","og_locale":"es_ES","og_type":"article","og_title":"Certificado - 6\u00ba Congreso Mundial de Educaci\u00f3n Sesc RJ","og_description":"Hola, selecciona la ponencia a continuaci\u00f3n y completa tu nombre en el campo para generar tu certificado de participaci\u00f3n. &nbsp;","og_url":"https:\/\/congressomundialdeeducacao.com.br\/es\/certificado\/","og_site_name":"6\u00ba Congreso Mundial de Educaci\u00f3n Sesc RJ","og_image":[{"width":1920,"height":335,"url":"https:\/\/congressomundialdeeducacao.com.br\/wp-content\/uploads\/2021\/09\/banner_palestras_final.png","type":"image\/png"}],"twitter_card":"summary_large_image","twitter_misc":{"Tiempo de lectura":"1 minuto"},"schema":{"@context":"https:\/\/schema.org","@graph":[{"@type":"WebPage","@id":"https:\/\/congressomundialdeeducacao.com.br\/es\/certificado\/","url":"https:\/\/congressomundialdeeducacao.com.br\/es\/certificado\/","name":"Certificado - 6\u00ba Congreso Mundial de Educaci\u00f3n Sesc RJ","isPartOf":{"@id":"https:\/\/congressomundialdeeducacao.com.br\/es\/#website"},"primaryImageOfPage":{"@id":"https:\/\/congressomundialdeeducacao.com.br\/es\/certificado\/#primaryimage"},"image":{"@id":"https:\/\/congressomundialdeeducacao.com.br\/es\/certificado\/#primaryimage"},"thumbnailUrl":"https:\/\/congressomundialdeeducacao.com.br\/wp-content\/uploads\/2021\/09\/banner_palestras_final.png","datePublished":"2024-10-08T13:23:49+00:00","breadcrumb":{"@id":"https:\/\/congressomundialdeeducacao.com.br\/es\/certificado\/#breadcrumb"},"inLanguage":"es","potentialAction":[{"@type":"ReadAction","target":[["https:\/\/congressomundialdeeducacao.com.br\/es\/certificado\/"]]}]},{"@type":"ImageObject","inLanguage":"es","@id":"https:\/\/congressomundialdeeducacao.com.br\/es\/certificado\/#primaryimage","url":"https:\/\/congressomundialdeeducacao.com.br\/wp-content\/uploads\/2021\/09\/banner_palestras_final.png","contentUrl":"https:\/\/congressomundialdeeducacao.com.br\/wp-content\/uploads\/2021\/09\/banner_palestras_final.png","width":1920,"height":335},{"@type":"BreadcrumbList","@id":"https:\/\/congressomundialdeeducacao.com.br\/es\/certificado\/#breadcrumb","itemListElement":[{"@type":"ListItem","position":1,"name":"Home","item":"https:\/\/congressomundialdeeducacao.com.br\/es\/"},{"@type":"ListItem","position":2,"name":"Certificado"}]},{"@type":"WebSite","@id":"https:\/\/congressomundialdeeducacao.com.br\/es\/#website","url":"https:\/\/congressomundialdeeducacao.com.br\/es\/","name":"6\u00ba Congreso Mundial de Educaci\u00f3n Sesc RJ","description":"5\u00ba Congreso Mundial de Educaci\u00f3n Sesc RJ","potentialAction":[{"@type":"SearchAction","target":{"@type":"EntryPoint","urlTemplate":"https:\/\/congressomundialdeeducacao.com.br\/es\/?s={search_term_string}"},"query-input":{"@type":"PropertyValueSpecification","valueRequired":true,"valueName":"search_term_string"}}],"inLanguage":"es"}]}},"_links":{"self":[{"href":"https:\/\/congressomundialdeeducacao.com.br\/es\/wp-json\/wp\/v2\/pages\/3002","targetHints":{"allow":["GET"]}}],"collection":[{"href":"https:\/\/congressomundialdeeducacao.com.br\/es\/wp-json\/wp\/v2\/pages"}],"about":[{"href":"https:\/\/congressomundialdeeducacao.com.br\/es\/wp-json\/wp\/v2\/types\/page"}],"author":[{"embeddable":true,"href":"https:\/\/congressomundialdeeducacao.com.br\/es\/wp-json\/wp\/v2\/users\/1"}],"replies":[{"embeddable":true,"href":"https:\/\/congressomundialdeeducacao.com.br\/es\/wp-json\/wp\/v2\/comments?post=3002"}],"version-history":[{"count":1,"href":"https:\/\/congressomundialdeeducacao.com.br\/es\/wp-json\/wp\/v2\/pages\/3002\/revisions"}],"predecessor-version":[{"id":3003,"href":"https:\/\/congressomundialdeeducacao.com.br\/es\/wp-json\/wp\/v2\/pages\/3002\/revisions\/3003"}],"wp:featuredmedia":[{"embeddable":true,"href":"https:\/\/congressomundialdeeducacao.com.br\/es\/wp-json\/wp\/v2\/media\/679"}],"wp:attachment":[{"href":"https:\/\/congressomundialdeeducacao.com.br\/es\/wp-json\/wp\/v2\/media?parent=3002"}],"curies":[{"name":"wp","href":"https:\/\/api.w.org\/{rel}","templated":true}]}}