{"id":12,"date":"2021-09-01T17:34:41","date_gmt":"2021-09-01T20:34:41","guid":{"rendered":"http:\/\/dev.sesccongressomundial.com.br\/?page_id=12"},"modified":"2025-08-11T17:07:58","modified_gmt":"2025-08-11T20:07:58","slug":"educacao-no-sesc","status":"publish","type":"page","link":"https:\/\/congressomundialdeeducacao.com.br\/es\/educacion-en-sesc-rj-2\/","title":{"rendered":"Educaci\u00f3n en Sesc RJ"},"content":{"rendered":"<p><span style=\"font-family: Times New Roman, serif;\"><span style=\"font-size: medium;\"><span lang=\"es-ES-u-co-trad\">La educaci\u00f3n es un t\u00e9rmino amplio, y aqu\u00ed en Sesc RJ permea todas nuestras actividades. <\/span><span lang=\"es-ES-u-co-trad\">Pero, m\u00e1s all\u00e1 de eso, contamos con un \u00e1rea completa que cree que la educaci\u00f3n no se trata solo de conocimiento, sino tambi\u00e9n de memoria, alegr\u00eda, reducci\u00f3n de desigualdades y el desarrollo integral de las personas.<br \/>\nPor eso, la educaci\u00f3n que ofrecemos en Sesc RJ abarca todas las edades. \u00a1Es una iniciativa social!<\/span><\/span><\/span><\/p>\n<p><strong>\u00bfSabes c\u00f3mo lo logramos?<\/strong><\/p>\n<p>En Educaci\u00f3n Infantil y Sesc+ Infancias, las ni\u00f1as y ni\u00f1os participan activamente en las agendas, proyectos y la selecci\u00f3n de los temas tratados. \u00a1Ocupan sus territorios! Tambi\u00e9n participan en intercambios con otras escuelas, museos, y en producciones colectivas y compartidas, con la integraci\u00f3n de las familias.<br \/>\nLa Educaci\u00f3n Infantil est\u00e1 presente en Niter\u00f3i y Nova Igua\u00e7u, y Sesc+ Infancias, que atiende a ni\u00f1os y ni\u00f1as de entre 6 y 13 a\u00f1os, funciona en 11 unidades. \u00a1Y vamos a crecer a\u00fan m\u00e1s!<\/p>\n<p><strong>\u00bfY c\u00f3mo pensamos la Educaci\u00f3n y la Inclusi\u00f3n?<\/strong><\/p>\n<p>\u00bfSab\u00edas que contamos con el Centro de Referencia en Inclusi\u00f3n del Sesc RJ?<br \/>\nLa educaci\u00f3n inclusiva es necesaria y urgente. El Centro de Referencia en Inclusi\u00f3n del Sesc RJ acoge diversas iniciativas y p\u00fablicos, promoviendo una educaci\u00f3n anticapacitista. Ofrecemos servicios para personas con autismo (TEA) y s\u00edndrome de Down (T21), adem\u00e1s de fomentar una red de apoyo familiar y movilizaciones sociales, todo ello en articulaci\u00f3n con otros sectores de la sociedad y desde una perspectiva que promueve la inclusi\u00f3n para la autonom\u00eda.<\/p>\n<p><strong>Y si hablamos de inclusi\u00f3n, no podemos dejar de mencionar la Educaci\u00f3n Antirracista.<\/strong><\/p>\n<p>Consci\u00eancias es nuestro proyecto de educaci\u00f3n antirracista. Promueve reflexiones sobre contextos hist\u00f3ricos y sociales a partir de las contribuciones de investigadores, cient\u00edficos, artistas, colectivos e instituciones comprometidos con un amplio debate sobre el racismo. Busca caminos y estrategias para superarlo, destacando tambi\u00e9n la valiosa contribuci\u00f3n de las personas negras a la formaci\u00f3n de la sociedad brasile\u00f1a.<\/p>\n<p><strong>Hablando de inclusi\u00f3n, diversidad y educaci\u00f3n m\u00e1s all\u00e1 de los muros,<\/strong><\/p>\n<p>contamos con cursos de idiomas que, adem\u00e1s de ofrecer contenidos originales, incluyen una programaci\u00f3n especial con talleres, ferias culturales, encuentros, seminarios, intercambios, actividades virtuales y presenciales, entre otras.<\/p>\n<p><strong>Finalmente, no podemos dejar de reflexionar sobre la importancia de la ciencia y la tecnolog\u00eda en nuestra vida diaria.<\/strong><\/p>\n<p>Para ello, contamos con espacios f\u00edsicos preparados para actividades de fabricaci\u00f3n digital, cultura maker, rob\u00f3tica, cultura digital, juegos, cultura nerd, proyectos de divulgaci\u00f3n cient\u00edfica y actividades para todas las edades, que abordan la ciencia y la tecnolog\u00eda en su relaci\u00f3n con la cultura y la sociedad.<\/p>\n<p><u><strong><span style=\"color: #ea5c18;\"><a style=\"color: #ea5c18;\" href=\"https:\/\/portaldaeducacao.sescrio.org.br\/\">\u00bfQuieres saber m\u00e1s? \u00a1Visita el Portal Educativo del Sesc RJ y \u00fanete a nosotros!<\/a><\/span><\/strong><\/u><\/p>","protected":false},"excerpt":{"rendered":"<p>La educaci\u00f3n es un t\u00e9rmino amplio, y aqu\u00ed en Sesc RJ permea todas nuestras actividades. Pero, m\u00e1s all\u00e1 de eso, contamos con un \u00e1rea completa que cree que la educaci\u00f3n no se trata solo de conocimiento, sino tambi\u00e9n de memoria, alegr\u00eda, reducci\u00f3n de desigualdades y el desarrollo integral de las personas. Por eso, la educaci\u00f3n que ofrecemos en Sesc RJ abarca todas las edades. \u00a1Es una iniciativa social! \u00bfSabes c\u00f3mo lo logramos? En Educaci\u00f3n Infantil y Sesc+ Infancias, las ni\u00f1as&#8230;<\/p>\n","protected":false},"author":1,"featured_media":3223,"parent":0,"menu_order":0,"comment_status":"closed","ping_status":"closed","template":"","meta":{"_acf_changed":false,"footnotes":""},"class_list":["post-12","page","type-page","status-publish","has-post-thumbnail","hentry"],"acf":[],"yoast_head":"<!-- This site is optimized with the Yoast SEO plugin v25.5 - https:\/\/yoast.com\/wordpress\/plugins\/seo\/ -->\n<title>Educaci\u00f3n en Sesc RJ - 6\u00ba Congreso Mundial de Educaci\u00f3n Sesc RJ<\/title>\n<meta name=\"description\" content=\"Educa\u00e7\u00e3o: Acreditamos que a educa\u00e7\u00e3o permanente \u00e9 uma a\u00e7\u00e3o social e que, inspirada pelo conhecimento e pela pesquisa, transforma realidades.\" \/>\n<meta name=\"robots\" content=\"index, follow, max-snippet:-1, max-image-preview:large, max-video-preview:-1\" \/>\n<link rel=\"canonical\" href=\"https:\/\/congressomundialdeeducacao.com.br\/es\/educacion-en-sesc-rj-2\/\" \/>\n<meta property=\"og:locale\" content=\"es_ES\" \/>\n<meta property=\"og:type\" content=\"article\" \/>\n<meta property=\"og:title\" content=\"Educaci\u00f3n en Sesc RJ - 6\u00ba Congreso Mundial de Educaci\u00f3n Sesc RJ\" \/>\n<meta property=\"og:description\" content=\"Educa\u00e7\u00e3o: Acreditamos que a educa\u00e7\u00e3o permanente \u00e9 uma a\u00e7\u00e3o social e que, inspirada pelo conhecimento e pela pesquisa, transforma realidades.\" \/>\n<meta property=\"og:url\" content=\"https:\/\/congressomundialdeeducacao.com.br\/es\/educacion-en-sesc-rj-2\/\" \/>\n<meta property=\"og:site_name\" content=\"6\u00ba Congreso Mundial de Educaci\u00f3n Sesc RJ\" \/>\n<meta property=\"article:modified_time\" content=\"2025-08-11T20:07:58+00:00\" \/>\n<meta property=\"og:image\" content=\"https:\/\/congressomundialdeeducacao.com.br\/wp-content\/uploads\/2025\/08\/banner-internas.png\" \/>\n\t<meta property=\"og:image:width\" content=\"1918\" \/>\n\t<meta property=\"og:image:height\" content=\"336\" \/>\n\t<meta property=\"og:image:type\" content=\"image\/png\" \/>\n<meta name=\"twitter:card\" content=\"summary_large_image\" \/>\n<meta name=\"twitter:label1\" content=\"Tiempo de lectura\" \/>\n\t<meta name=\"twitter:data1\" content=\"3 minutos\" \/>\n<script type=\"application\/ld+json\" class=\"yoast-schema-graph\">{\"@context\":\"https:\/\/schema.org\",\"@graph\":[{\"@type\":\"WebPage\",\"@id\":\"https:\/\/congressomundialdeeducacao.com.br\/es\/educacion-en-sesc-rj-2\/\",\"url\":\"https:\/\/congressomundialdeeducacao.com.br\/es\/educacion-en-sesc-rj-2\/\",\"name\":\"Educaci\u00f3n en Sesc RJ - 6\u00ba Congreso Mundial de Educaci\u00f3n Sesc RJ\",\"isPartOf\":{\"@id\":\"https:\/\/congressomundialdeeducacao.com.br\/es\/#website\"},\"primaryImageOfPage\":{\"@id\":\"https:\/\/congressomundialdeeducacao.com.br\/es\/educacion-en-sesc-rj-2\/#primaryimage\"},\"image\":{\"@id\":\"https:\/\/congressomundialdeeducacao.com.br\/es\/educacion-en-sesc-rj-2\/#primaryimage\"},\"thumbnailUrl\":\"https:\/\/congressomundialdeeducacao.com.br\/wp-content\/uploads\/2025\/08\/banner-internas.png\",\"datePublished\":\"2021-09-01T20:34:41+00:00\",\"dateModified\":\"2025-08-11T20:07:58+00:00\",\"description\":\"Educa\u00e7\u00e3o: Acreditamos que a educa\u00e7\u00e3o permanente \u00e9 uma a\u00e7\u00e3o social e que, inspirada pelo conhecimento e pela pesquisa, transforma realidades.\",\"breadcrumb\":{\"@id\":\"https:\/\/congressomundialdeeducacao.com.br\/es\/educacion-en-sesc-rj-2\/#breadcrumb\"},\"inLanguage\":\"es\",\"potentialAction\":[{\"@type\":\"ReadAction\",\"target\":[[\"https:\/\/congressomundialdeeducacao.com.br\/es\/educacion-en-sesc-rj-2\/\"]]}]},{\"@type\":\"ImageObject\",\"inLanguage\":\"es\",\"@id\":\"https:\/\/congressomundialdeeducacao.com.br\/es\/educacion-en-sesc-rj-2\/#primaryimage\",\"url\":\"https:\/\/congressomundialdeeducacao.com.br\/wp-content\/uploads\/2025\/08\/banner-internas.png\",\"contentUrl\":\"https:\/\/congressomundialdeeducacao.com.br\/wp-content\/uploads\/2025\/08\/banner-internas.png\",\"width\":1918,\"height\":336},{\"@type\":\"BreadcrumbList\",\"@id\":\"https:\/\/congressomundialdeeducacao.com.br\/es\/educacion-en-sesc-rj-2\/#breadcrumb\",\"itemListElement\":[{\"@type\":\"ListItem\",\"position\":1,\"name\":\"Home\",\"item\":\"https:\/\/congressomundialdeeducacao.com.br\/es\/\"},{\"@type\":\"ListItem\",\"position\":2,\"name\":\"Educaci\u00f3n en Sesc RJ\"}]},{\"@type\":\"WebSite\",\"@id\":\"https:\/\/congressomundialdeeducacao.com.br\/es\/#website\",\"url\":\"https:\/\/congressomundialdeeducacao.com.br\/es\/\",\"name\":\"6\u00ba Congreso Mundial de Educaci\u00f3n Sesc RJ\",\"description\":\"5\u00ba Congreso Mundial de Educaci\u00f3n Sesc RJ\",\"potentialAction\":[{\"@type\":\"SearchAction\",\"target\":{\"@type\":\"EntryPoint\",\"urlTemplate\":\"https:\/\/congressomundialdeeducacao.com.br\/es\/?s={search_term_string}\"},\"query-input\":{\"@type\":\"PropertyValueSpecification\",\"valueRequired\":true,\"valueName\":\"search_term_string\"}}],\"inLanguage\":\"es\"}]}<\/script>\n<!-- \/ Yoast SEO plugin. -->","yoast_head_json":{"title":"Educaci\u00f3n en Sesc RJ - 6\u00ba Congreso Mundial de Educaci\u00f3n Sesc RJ","description":"Educa\u00e7\u00e3o: Acreditamos que a educa\u00e7\u00e3o permanente \u00e9 uma a\u00e7\u00e3o social e que, inspirada pelo conhecimento e pela pesquisa, transforma realidades.","robots":{"index":"index","follow":"follow","max-snippet":"max-snippet:-1","max-image-preview":"max-image-preview:large","max-video-preview":"max-video-preview:-1"},"canonical":"https:\/\/congressomundialdeeducacao.com.br\/es\/educacion-en-sesc-rj-2\/","og_locale":"es_ES","og_type":"article","og_title":"Educaci\u00f3n en Sesc RJ - 6\u00ba Congreso Mundial de Educaci\u00f3n Sesc RJ","og_description":"Educa\u00e7\u00e3o: Acreditamos que a educa\u00e7\u00e3o permanente \u00e9 uma a\u00e7\u00e3o social e que, inspirada pelo conhecimento e pela pesquisa, transforma realidades.","og_url":"https:\/\/congressomundialdeeducacao.com.br\/es\/educacion-en-sesc-rj-2\/","og_site_name":"6\u00ba Congreso Mundial de Educaci\u00f3n Sesc RJ","article_modified_time":"2025-08-11T20:07:58+00:00","og_image":[{"width":1918,"height":336,"url":"https:\/\/congressomundialdeeducacao.com.br\/wp-content\/uploads\/2025\/08\/banner-internas.png","type":"image\/png"}],"twitter_card":"summary_large_image","twitter_misc":{"Tiempo de lectura":"3 minutos"},"schema":{"@context":"https:\/\/schema.org","@graph":[{"@type":"WebPage","@id":"https:\/\/congressomundialdeeducacao.com.br\/es\/educacion-en-sesc-rj-2\/","url":"https:\/\/congressomundialdeeducacao.com.br\/es\/educacion-en-sesc-rj-2\/","name":"Educaci\u00f3n en Sesc RJ - 6\u00ba Congreso Mundial de Educaci\u00f3n Sesc RJ","isPartOf":{"@id":"https:\/\/congressomundialdeeducacao.com.br\/es\/#website"},"primaryImageOfPage":{"@id":"https:\/\/congressomundialdeeducacao.com.br\/es\/educacion-en-sesc-rj-2\/#primaryimage"},"image":{"@id":"https:\/\/congressomundialdeeducacao.com.br\/es\/educacion-en-sesc-rj-2\/#primaryimage"},"thumbnailUrl":"https:\/\/congressomundialdeeducacao.com.br\/wp-content\/uploads\/2025\/08\/banner-internas.png","datePublished":"2021-09-01T20:34:41+00:00","dateModified":"2025-08-11T20:07:58+00:00","description":"Educa\u00e7\u00e3o: Acreditamos que a educa\u00e7\u00e3o permanente \u00e9 uma a\u00e7\u00e3o social e que, inspirada pelo conhecimento e pela pesquisa, transforma realidades.","breadcrumb":{"@id":"https:\/\/congressomundialdeeducacao.com.br\/es\/educacion-en-sesc-rj-2\/#breadcrumb"},"inLanguage":"es","potentialAction":[{"@type":"ReadAction","target":[["https:\/\/congressomundialdeeducacao.com.br\/es\/educacion-en-sesc-rj-2\/"]]}]},{"@type":"ImageObject","inLanguage":"es","@id":"https:\/\/congressomundialdeeducacao.com.br\/es\/educacion-en-sesc-rj-2\/#primaryimage","url":"https:\/\/congressomundialdeeducacao.com.br\/wp-content\/uploads\/2025\/08\/banner-internas.png","contentUrl":"https:\/\/congressomundialdeeducacao.com.br\/wp-content\/uploads\/2025\/08\/banner-internas.png","width":1918,"height":336},{"@type":"BreadcrumbList","@id":"https:\/\/congressomundialdeeducacao.com.br\/es\/educacion-en-sesc-rj-2\/#breadcrumb","itemListElement":[{"@type":"ListItem","position":1,"name":"Home","item":"https:\/\/congressomundialdeeducacao.com.br\/es\/"},{"@type":"ListItem","position":2,"name":"Educaci\u00f3n en Sesc RJ"}]},{"@type":"WebSite","@id":"https:\/\/congressomundialdeeducacao.com.br\/es\/#website","url":"https:\/\/congressomundialdeeducacao.com.br\/es\/","name":"6\u00ba Congreso Mundial de Educaci\u00f3n Sesc RJ","description":"5\u00ba Congreso Mundial de Educaci\u00f3n Sesc RJ","potentialAction":[{"@type":"SearchAction","target":{"@type":"EntryPoint","urlTemplate":"https:\/\/congressomundialdeeducacao.com.br\/es\/?s={search_term_string}"},"query-input":{"@type":"PropertyValueSpecification","valueRequired":true,"valueName":"search_term_string"}}],"inLanguage":"es"}]}},"_links":{"self":[{"href":"https:\/\/congressomundialdeeducacao.com.br\/es\/wp-json\/wp\/v2\/pages\/12","targetHints":{"allow":["GET"]}}],"collection":[{"href":"https:\/\/congressomundialdeeducacao.com.br\/es\/wp-json\/wp\/v2\/pages"}],"about":[{"href":"https:\/\/congressomundialdeeducacao.com.br\/es\/wp-json\/wp\/v2\/types\/page"}],"author":[{"embeddable":true,"href":"https:\/\/congressomundialdeeducacao.com.br\/es\/wp-json\/wp\/v2\/users\/1"}],"replies":[{"embeddable":true,"href":"https:\/\/congressomundialdeeducacao.com.br\/es\/wp-json\/wp\/v2\/comments?post=12"}],"version-history":[{"count":4,"href":"https:\/\/congressomundialdeeducacao.com.br\/es\/wp-json\/wp\/v2\/pages\/12\/revisions"}],"predecessor-version":[{"id":3231,"href":"https:\/\/congressomundialdeeducacao.com.br\/es\/wp-json\/wp\/v2\/pages\/12\/revisions\/3231"}],"wp:featuredmedia":[{"embeddable":true,"href":"https:\/\/congressomundialdeeducacao.com.br\/es\/wp-json\/wp\/v2\/media\/3223"}],"wp:attachment":[{"href":"https:\/\/congressomundialdeeducacao.com.br\/es\/wp-json\/wp\/v2\/media?parent=12"}],"curies":[{"name":"wp","href":"https:\/\/api.w.org\/{rel}","templated":true}]}}