{"id":10,"date":"2021-09-02T15:52:11","date_gmt":"2021-09-02T18:52:11","guid":{"rendered":"http:\/\/dev.sesccongressomundial.com.br\/?page_id=10"},"modified":"2024-10-08T10:38:29","modified_gmt":"2024-10-08T13:38:29","slug":"congresso","status":"publish","type":"page","link":"https:\/\/congressomundialdeeducacao.com.br\/es\/congreso\/","title":{"rendered":"Congreso"},"content":{"rendered":"<p><span style=\"font-weight: 400;\">Todos los a\u00f1os,\u00a0 el Congreso Mundial de Educaci\u00f3n se integra al Programa de Educaci\u00f3n de Sesc RJ con el compromiso de fomentar reflexiones en torno de tem\u00e1ticas y pr\u00e1cticas para una educaci\u00f3n emancipadora.\u00a0 <\/span><\/p>\n<p><span style=\"font-weight: 400;\">En esta perspectiva incluyente que acoge a toda la diversidad de individuos, identidades, espacios y contextos sociales, el Congreso ha permitido la construcci\u00f3n de una red internacional que involucra a universidades, investigadores y acad\u00e9micos, estudiantes y profesores de educaci\u00f3n y \u00e1reas afines, adem\u00e1s de alianzas con instituciones sociales relevantes. <\/span><\/p>\n<p><span style=\"font-weight: 400;\">El Congreso, adem\u00e1s de fortalecer las acciones del Programa Educaci\u00f3n del Sesc RJ, asegura y consolida el papel de la Instituci\u00f3n Sesc al pensar diferentes territorios como espacios educativos, a partir de una visi\u00f3n humanista e integral del desarrollo humano.<\/span><\/p>\n<p>&nbsp;<\/p>","protected":false},"excerpt":{"rendered":"<p>Todos los a\u00f1os,\u00a0 el Congreso Mundial de Educaci\u00f3n se integra al Programa de Educaci\u00f3n de Sesc RJ con el compromiso de fomentar reflexiones en torno de tem\u00e1ticas y pr\u00e1cticas para una educaci\u00f3n emancipadora.\u00a0 En esta perspectiva incluyente que acoge a toda la diversidad de individuos, identidades, espacios y contextos sociales, el Congreso ha permitido la construcci\u00f3n de una red internacional que involucra a universidades, investigadores y acad\u00e9micos, estudiantes y profesores de educaci\u00f3n y \u00e1reas afines, adem\u00e1s de alianzas con instituciones&#8230;<\/p>\n","protected":false},"author":1,"featured_media":3004,"parent":0,"menu_order":0,"comment_status":"closed","ping_status":"closed","template":"page-congresso.php","meta":{"_acf_changed":false,"footnotes":""},"class_list":["post-10","page","type-page","status-publish","has-post-thumbnail","hentry"],"acf":[],"yoast_head":"<!-- This site is optimized with the Yoast SEO plugin v25.5 - https:\/\/yoast.com\/wordpress\/plugins\/seo\/ -->\n<title>Congreso - 6\u00ba Congreso Mundial de Educaci\u00f3n Sesc RJ<\/title>\n<meta name=\"description\" content=\"Congresso Mundial Sesc RJ de Educa\u00e7\u00e3o: \u201cEssa escola chamada vida\u201d acontecer\u00e1 de forma virtual, de 27 a 29 de outubro de 2021.\" \/>\n<meta name=\"robots\" content=\"index, follow, max-snippet:-1, max-image-preview:large, max-video-preview:-1\" \/>\n<link rel=\"canonical\" href=\"https:\/\/congressomundialdeeducacao.com.br\/es\/congreso\/\" \/>\n<meta property=\"og:locale\" content=\"es_ES\" \/>\n<meta property=\"og:type\" content=\"article\" \/>\n<meta property=\"og:title\" content=\"Congreso - 6\u00ba Congreso Mundial de Educaci\u00f3n Sesc RJ\" \/>\n<meta property=\"og:description\" content=\"Congresso Mundial Sesc RJ de Educa\u00e7\u00e3o: \u201cEssa escola chamada vida\u201d acontecer\u00e1 de forma virtual, de 27 a 29 de outubro de 2021.\" \/>\n<meta property=\"og:url\" content=\"https:\/\/congressomundialdeeducacao.com.br\/es\/congreso\/\" \/>\n<meta property=\"og:site_name\" content=\"6\u00ba Congreso Mundial de Educaci\u00f3n Sesc RJ\" \/>\n<meta property=\"article:modified_time\" content=\"2024-10-08T13:38:29+00:00\" \/>\n<meta property=\"og:image\" content=\"https:\/\/congressomundialdeeducacao.com.br\/wp-content\/uploads\/2024\/10\/banner-internas-5o-congresso.jpg\" \/>\n\t<meta property=\"og:image:width\" content=\"1920\" \/>\n\t<meta property=\"og:image:height\" content=\"336\" \/>\n\t<meta property=\"og:image:type\" content=\"image\/jpeg\" \/>\n<meta name=\"twitter:card\" content=\"summary_large_image\" \/>\n<meta name=\"twitter:label1\" content=\"Tiempo de lectura\" \/>\n\t<meta name=\"twitter:data1\" content=\"1 minuto\" \/>\n<script type=\"application\/ld+json\" class=\"yoast-schema-graph\">{\"@context\":\"https:\/\/schema.org\",\"@graph\":[{\"@type\":\"WebPage\",\"@id\":\"https:\/\/congressomundialdeeducacao.com.br\/es\/congreso\/\",\"url\":\"https:\/\/congressomundialdeeducacao.com.br\/es\/congreso\/\",\"name\":\"Congreso - 6\u00ba Congreso Mundial de Educaci\u00f3n Sesc RJ\",\"isPartOf\":{\"@id\":\"https:\/\/congressomundialdeeducacao.com.br\/es\/#website\"},\"primaryImageOfPage\":{\"@id\":\"https:\/\/congressomundialdeeducacao.com.br\/es\/congreso\/#primaryimage\"},\"image\":{\"@id\":\"https:\/\/congressomundialdeeducacao.com.br\/es\/congreso\/#primaryimage\"},\"thumbnailUrl\":\"https:\/\/congressomundialdeeducacao.com.br\/wp-content\/uploads\/2024\/10\/banner-internas-5o-congresso.jpg\",\"datePublished\":\"2021-09-02T18:52:11+00:00\",\"dateModified\":\"2024-10-08T13:38:29+00:00\",\"description\":\"Congresso Mundial Sesc RJ de Educa\u00e7\u00e3o: \u201cEssa escola chamada vida\u201d acontecer\u00e1 de forma virtual, de 27 a 29 de outubro de 2021.\",\"breadcrumb\":{\"@id\":\"https:\/\/congressomundialdeeducacao.com.br\/es\/congreso\/#breadcrumb\"},\"inLanguage\":\"es\",\"potentialAction\":[{\"@type\":\"ReadAction\",\"target\":[[\"https:\/\/congressomundialdeeducacao.com.br\/es\/congreso\/\"]]}]},{\"@type\":\"ImageObject\",\"inLanguage\":\"es\",\"@id\":\"https:\/\/congressomundialdeeducacao.com.br\/es\/congreso\/#primaryimage\",\"url\":\"https:\/\/congressomundialdeeducacao.com.br\/wp-content\/uploads\/2024\/10\/banner-internas-5o-congresso.jpg\",\"contentUrl\":\"https:\/\/congressomundialdeeducacao.com.br\/wp-content\/uploads\/2024\/10\/banner-internas-5o-congresso.jpg\",\"width\":1920,\"height\":336},{\"@type\":\"BreadcrumbList\",\"@id\":\"https:\/\/congressomundialdeeducacao.com.br\/es\/congreso\/#breadcrumb\",\"itemListElement\":[{\"@type\":\"ListItem\",\"position\":1,\"name\":\"Home\",\"item\":\"https:\/\/congressomundialdeeducacao.com.br\/es\/\"},{\"@type\":\"ListItem\",\"position\":2,\"name\":\"Congreso\"}]},{\"@type\":\"WebSite\",\"@id\":\"https:\/\/congressomundialdeeducacao.com.br\/es\/#website\",\"url\":\"https:\/\/congressomundialdeeducacao.com.br\/es\/\",\"name\":\"6\u00ba Congreso Mundial de Educaci\u00f3n Sesc RJ\",\"description\":\"5\u00ba Congreso Mundial de Educaci\u00f3n Sesc RJ\",\"potentialAction\":[{\"@type\":\"SearchAction\",\"target\":{\"@type\":\"EntryPoint\",\"urlTemplate\":\"https:\/\/congressomundialdeeducacao.com.br\/es\/?s={search_term_string}\"},\"query-input\":{\"@type\":\"PropertyValueSpecification\",\"valueRequired\":true,\"valueName\":\"search_term_string\"}}],\"inLanguage\":\"es\"}]}<\/script>\n<!-- \/ Yoast SEO plugin. -->","yoast_head_json":{"title":"Congreso - 6\u00ba Congreso Mundial de Educaci\u00f3n Sesc RJ","description":"Congresso Mundial Sesc RJ de Educa\u00e7\u00e3o: \u201cEssa escola chamada vida\u201d acontecer\u00e1 de forma virtual, de 27 a 29 de outubro de 2021.","robots":{"index":"index","follow":"follow","max-snippet":"max-snippet:-1","max-image-preview":"max-image-preview:large","max-video-preview":"max-video-preview:-1"},"canonical":"https:\/\/congressomundialdeeducacao.com.br\/es\/congreso\/","og_locale":"es_ES","og_type":"article","og_title":"Congreso - 6\u00ba Congreso Mundial de Educaci\u00f3n Sesc RJ","og_description":"Congresso Mundial Sesc RJ de Educa\u00e7\u00e3o: \u201cEssa escola chamada vida\u201d acontecer\u00e1 de forma virtual, de 27 a 29 de outubro de 2021.","og_url":"https:\/\/congressomundialdeeducacao.com.br\/es\/congreso\/","og_site_name":"6\u00ba Congreso Mundial de Educaci\u00f3n Sesc RJ","article_modified_time":"2024-10-08T13:38:29+00:00","og_image":[{"width":1920,"height":336,"url":"https:\/\/congressomundialdeeducacao.com.br\/wp-content\/uploads\/2024\/10\/banner-internas-5o-congresso.jpg","type":"image\/jpeg"}],"twitter_card":"summary_large_image","twitter_misc":{"Tiempo de lectura":"1 minuto"},"schema":{"@context":"https:\/\/schema.org","@graph":[{"@type":"WebPage","@id":"https:\/\/congressomundialdeeducacao.com.br\/es\/congreso\/","url":"https:\/\/congressomundialdeeducacao.com.br\/es\/congreso\/","name":"Congreso - 6\u00ba Congreso Mundial de Educaci\u00f3n Sesc RJ","isPartOf":{"@id":"https:\/\/congressomundialdeeducacao.com.br\/es\/#website"},"primaryImageOfPage":{"@id":"https:\/\/congressomundialdeeducacao.com.br\/es\/congreso\/#primaryimage"},"image":{"@id":"https:\/\/congressomundialdeeducacao.com.br\/es\/congreso\/#primaryimage"},"thumbnailUrl":"https:\/\/congressomundialdeeducacao.com.br\/wp-content\/uploads\/2024\/10\/banner-internas-5o-congresso.jpg","datePublished":"2021-09-02T18:52:11+00:00","dateModified":"2024-10-08T13:38:29+00:00","description":"Congresso Mundial Sesc RJ de Educa\u00e7\u00e3o: \u201cEssa escola chamada vida\u201d acontecer\u00e1 de forma virtual, de 27 a 29 de outubro de 2021.","breadcrumb":{"@id":"https:\/\/congressomundialdeeducacao.com.br\/es\/congreso\/#breadcrumb"},"inLanguage":"es","potentialAction":[{"@type":"ReadAction","target":[["https:\/\/congressomundialdeeducacao.com.br\/es\/congreso\/"]]}]},{"@type":"ImageObject","inLanguage":"es","@id":"https:\/\/congressomundialdeeducacao.com.br\/es\/congreso\/#primaryimage","url":"https:\/\/congressomundialdeeducacao.com.br\/wp-content\/uploads\/2024\/10\/banner-internas-5o-congresso.jpg","contentUrl":"https:\/\/congressomundialdeeducacao.com.br\/wp-content\/uploads\/2024\/10\/banner-internas-5o-congresso.jpg","width":1920,"height":336},{"@type":"BreadcrumbList","@id":"https:\/\/congressomundialdeeducacao.com.br\/es\/congreso\/#breadcrumb","itemListElement":[{"@type":"ListItem","position":1,"name":"Home","item":"https:\/\/congressomundialdeeducacao.com.br\/es\/"},{"@type":"ListItem","position":2,"name":"Congreso"}]},{"@type":"WebSite","@id":"https:\/\/congressomundialdeeducacao.com.br\/es\/#website","url":"https:\/\/congressomundialdeeducacao.com.br\/es\/","name":"6\u00ba Congreso Mundial de Educaci\u00f3n Sesc RJ","description":"5\u00ba Congreso Mundial de Educaci\u00f3n Sesc RJ","potentialAction":[{"@type":"SearchAction","target":{"@type":"EntryPoint","urlTemplate":"https:\/\/congressomundialdeeducacao.com.br\/es\/?s={search_term_string}"},"query-input":{"@type":"PropertyValueSpecification","valueRequired":true,"valueName":"search_term_string"}}],"inLanguage":"es"}]}},"_links":{"self":[{"href":"https:\/\/congressomundialdeeducacao.com.br\/es\/wp-json\/wp\/v2\/pages\/10","targetHints":{"allow":["GET"]}}],"collection":[{"href":"https:\/\/congressomundialdeeducacao.com.br\/es\/wp-json\/wp\/v2\/pages"}],"about":[{"href":"https:\/\/congressomundialdeeducacao.com.br\/es\/wp-json\/wp\/v2\/types\/page"}],"author":[{"embeddable":true,"href":"https:\/\/congressomundialdeeducacao.com.br\/es\/wp-json\/wp\/v2\/users\/1"}],"replies":[{"embeddable":true,"href":"https:\/\/congressomundialdeeducacao.com.br\/es\/wp-json\/wp\/v2\/comments?post=10"}],"version-history":[{"count":2,"href":"https:\/\/congressomundialdeeducacao.com.br\/es\/wp-json\/wp\/v2\/pages\/10\/revisions"}],"predecessor-version":[{"id":2724,"href":"https:\/\/congressomundialdeeducacao.com.br\/es\/wp-json\/wp\/v2\/pages\/10\/revisions\/2724"}],"wp:featuredmedia":[{"embeddable":true,"href":"https:\/\/congressomundialdeeducacao.com.br\/es\/wp-json\/wp\/v2\/media\/3004"}],"wp:attachment":[{"href":"https:\/\/congressomundialdeeducacao.com.br\/es\/wp-json\/wp\/v2\/media?parent=10"}],"curies":[{"name":"wp","href":"https:\/\/api.w.org\/{rel}","templated":true}]}}