{"id":12,"date":"2021-09-01T17:34:41","date_gmt":"2021-09-01T20:34:41","guid":{"rendered":"http:\/\/dev.sesccongressomundial.com.br\/?page_id=12"},"modified":"2025-08-11T17:07:58","modified_gmt":"2025-08-11T20:07:58","slug":"educacao-no-sesc","status":"publish","type":"page","link":"https:\/\/congressomundialdeeducacao.com.br\/en\/education-at-sesc-rj-2\/","title":{"rendered":"Education at Sesc RJ"},"content":{"rendered":"<p><em>Education<\/em> is a broad term and crosses all the actions here in Sesc RJ.<\/p>\n<p>Beyond that, we&#8217;ve got an entire area that believes Education not only has to do with knowledge, but also to memory, to joy, to less inequalities and with the full development of people.<\/p>\n<p>That\u00b4s why the Education we do in Sesc RJ encompasses all ages. It\u00b4s a social action!<\/p>\n<p><strong>Do you know how we do that?<\/strong><\/p>\n<p>In <em>Early Childhood Education Schools <\/em>and in <em>Sesc+ Inf\u00e2ncia <\/em>project, children actively take part in the agenda, the projects, the process of subject picking. They occupy the territory and exchange with other schools, museums, shared and collective productions, integrating their families. The <em>Early Childhood Education Schools are <\/em>in Sesc Niter\u00f3i and Sesc Nova Igua\u00e7u and <em>Sesc+ Inf\u00e2ncia project<\/em>, which works with children between 6 and 13 years old in 11 Sesc units. And we will expand even more!<\/p>\n<p><strong>What about Education and Inclusion?<\/strong><\/p>\n<p><strong>Did you know we have a program called <em>Inclusion Reference Centre in <\/em>Sesc RJ (CREI)?<\/strong><\/p>\n<p>An inclusive education is urgent and imperative. In Sesc, the <em>Inclusion Reference Centre <\/em>(CREI) embraces a whole set of actions and people for an anti-ableist education. We provide service for the autistic and T21 (Down Syndrome), as well as training, supporting network for families and social mobilization &#8212; everything connected to other sectors of society in a perspective that fosters autonomy.<\/p>\n<p><strong>Following this path, we must speak about an anti-racist education!<\/strong><\/p>\n<p><em>Consci\u00eancias<\/em> is our project for an anti-racist education. It promotes reflections over socio-historical contexts from renowned researchers, scientists, artists, institutions, collective collaborations; everybody together building a rich debate over racism, seeking ways and strategies for surmounting such an archaic issue, as well as highlighting the worthy contribution of Black People for the composition of Brazilian society.<\/p>\n<p>Speaking of inclusion, diversity and education beyond walls, we also offer language courses with exclusive content, including a special programming with workshops, cultural fairs, meetings, seminars, exchanging programs as well as virtual and in-person activities.<\/p>\n<p><strong>Last but not least, we must consider the importance of science and technology in our daily lives.<\/strong><\/p>\n<p>That\u00b4s why we have places projected for maker activities, culture making, robotics, digital and nerd culture, games, scientific broadcasting projects and activities for all ages that circumscribe science, technology and its relationship with culture and society.<\/p>\n<p><span style=\"color: #e74a0f;\"><u><a style=\"color: #e74a0f;\" href=\"https:\/\/portaldaeducacao.sescrio.org.br\/\"><strong>Would you like to know\u00a0 more about us? Access the Sesc RJ Education Portal!<\/strong><\/a><\/u><\/span><br \/>\n<u><\/u><\/p>","protected":false},"excerpt":{"rendered":"<p>Education is a broad term and crosses all the actions here in Sesc RJ. Beyond that, we&#8217;ve got an entire area that believes Education not only has to do with knowledge, but also to memory, to joy, to less inequalities and with the full development of people. That\u00b4s why the Education we do in Sesc RJ encompasses all ages. It\u00b4s a social action! Do you know how we do that? In Early Childhood Education Schools and in Sesc+ Inf\u00e2ncia project,&#8230;<\/p>\n","protected":false},"author":1,"featured_media":3223,"parent":0,"menu_order":0,"comment_status":"closed","ping_status":"closed","template":"","meta":{"_acf_changed":false,"footnotes":""},"class_list":["post-12","page","type-page","status-publish","has-post-thumbnail","hentry"],"acf":[],"yoast_head":"<!-- This site is optimized with the Yoast SEO plugin v25.5 - https:\/\/yoast.com\/wordpress\/plugins\/seo\/ -->\n<title>Education at Sesc RJ - 6th Education World Congress Sesc RJ<\/title>\n<meta name=\"description\" content=\"Educa\u00e7\u00e3o: Acreditamos que a educa\u00e7\u00e3o permanente \u00e9 uma a\u00e7\u00e3o social e que, inspirada pelo conhecimento e pela pesquisa, transforma realidades.\" \/>\n<meta name=\"robots\" content=\"index, follow, max-snippet:-1, max-image-preview:large, max-video-preview:-1\" \/>\n<link rel=\"canonical\" href=\"https:\/\/congressomundialdeeducacao.com.br\/en\/education-at-sesc-rj-2\/\" \/>\n<meta property=\"og:locale\" content=\"en_US\" \/>\n<meta property=\"og:type\" content=\"article\" \/>\n<meta property=\"og:title\" content=\"Education at Sesc RJ - 6th Education World Congress Sesc RJ\" \/>\n<meta property=\"og:description\" content=\"Educa\u00e7\u00e3o: Acreditamos que a educa\u00e7\u00e3o permanente \u00e9 uma a\u00e7\u00e3o social e que, inspirada pelo conhecimento e pela pesquisa, transforma realidades.\" \/>\n<meta property=\"og:url\" content=\"https:\/\/congressomundialdeeducacao.com.br\/en\/education-at-sesc-rj-2\/\" \/>\n<meta property=\"og:site_name\" content=\"6th Education World Congress Sesc RJ\" \/>\n<meta property=\"article:modified_time\" content=\"2025-08-11T20:07:58+00:00\" \/>\n<meta property=\"og:image\" content=\"https:\/\/congressomundialdeeducacao.com.br\/wp-content\/uploads\/2025\/08\/banner-internas.png\" \/>\n\t<meta property=\"og:image:width\" content=\"1918\" \/>\n\t<meta property=\"og:image:height\" content=\"336\" \/>\n\t<meta property=\"og:image:type\" content=\"image\/png\" \/>\n<meta name=\"twitter:card\" content=\"summary_large_image\" \/>\n<meta name=\"twitter:label1\" content=\"Est. reading time\" \/>\n\t<meta name=\"twitter:data1\" content=\"3 minutes\" \/>\n<script type=\"application\/ld+json\" class=\"yoast-schema-graph\">{\"@context\":\"https:\/\/schema.org\",\"@graph\":[{\"@type\":\"WebPage\",\"@id\":\"https:\/\/congressomundialdeeducacao.com.br\/en\/education-at-sesc-rj-2\/\",\"url\":\"https:\/\/congressomundialdeeducacao.com.br\/en\/education-at-sesc-rj-2\/\",\"name\":\"Education at Sesc RJ - 6th Education World Congress Sesc RJ\",\"isPartOf\":{\"@id\":\"https:\/\/congressomundialdeeducacao.com.br\/en\/#website\"},\"primaryImageOfPage\":{\"@id\":\"https:\/\/congressomundialdeeducacao.com.br\/en\/education-at-sesc-rj-2\/#primaryimage\"},\"image\":{\"@id\":\"https:\/\/congressomundialdeeducacao.com.br\/en\/education-at-sesc-rj-2\/#primaryimage\"},\"thumbnailUrl\":\"https:\/\/congressomundialdeeducacao.com.br\/wp-content\/uploads\/2025\/08\/banner-internas.png\",\"datePublished\":\"2021-09-01T20:34:41+00:00\",\"dateModified\":\"2025-08-11T20:07:58+00:00\",\"description\":\"Educa\u00e7\u00e3o: Acreditamos que a educa\u00e7\u00e3o permanente \u00e9 uma a\u00e7\u00e3o social e que, inspirada pelo conhecimento e pela pesquisa, transforma realidades.\",\"breadcrumb\":{\"@id\":\"https:\/\/congressomundialdeeducacao.com.br\/en\/education-at-sesc-rj-2\/#breadcrumb\"},\"inLanguage\":\"en-US\",\"potentialAction\":[{\"@type\":\"ReadAction\",\"target\":[[\"https:\/\/congressomundialdeeducacao.com.br\/en\/education-at-sesc-rj-2\/\"]]}]},{\"@type\":\"ImageObject\",\"inLanguage\":\"en-US\",\"@id\":\"https:\/\/congressomundialdeeducacao.com.br\/en\/education-at-sesc-rj-2\/#primaryimage\",\"url\":\"https:\/\/congressomundialdeeducacao.com.br\/wp-content\/uploads\/2025\/08\/banner-internas.png\",\"contentUrl\":\"https:\/\/congressomundialdeeducacao.com.br\/wp-content\/uploads\/2025\/08\/banner-internas.png\",\"width\":1918,\"height\":336},{\"@type\":\"BreadcrumbList\",\"@id\":\"https:\/\/congressomundialdeeducacao.com.br\/en\/education-at-sesc-rj-2\/#breadcrumb\",\"itemListElement\":[{\"@type\":\"ListItem\",\"position\":1,\"name\":\"Home\",\"item\":\"https:\/\/congressomundialdeeducacao.com.br\/en\/\"},{\"@type\":\"ListItem\",\"position\":2,\"name\":\"Education at Sesc RJ\"}]},{\"@type\":\"WebSite\",\"@id\":\"https:\/\/congressomundialdeeducacao.com.br\/en\/#website\",\"url\":\"https:\/\/congressomundialdeeducacao.com.br\/en\/\",\"name\":\"6th Education World Congress Sesc RJ\",\"description\":\"6th Education World Congress Sesc RJ\",\"potentialAction\":[{\"@type\":\"SearchAction\",\"target\":{\"@type\":\"EntryPoint\",\"urlTemplate\":\"https:\/\/congressomundialdeeducacao.com.br\/en\/?s={search_term_string}\"},\"query-input\":{\"@type\":\"PropertyValueSpecification\",\"valueRequired\":true,\"valueName\":\"search_term_string\"}}],\"inLanguage\":\"en-US\"}]}<\/script>\n<!-- \/ Yoast SEO plugin. -->","yoast_head_json":{"title":"Education at Sesc RJ - 6th Education World Congress Sesc RJ","description":"Educa\u00e7\u00e3o: Acreditamos que a educa\u00e7\u00e3o permanente \u00e9 uma a\u00e7\u00e3o social e que, inspirada pelo conhecimento e pela pesquisa, transforma realidades.","robots":{"index":"index","follow":"follow","max-snippet":"max-snippet:-1","max-image-preview":"max-image-preview:large","max-video-preview":"max-video-preview:-1"},"canonical":"https:\/\/congressomundialdeeducacao.com.br\/en\/education-at-sesc-rj-2\/","og_locale":"en_US","og_type":"article","og_title":"Education at Sesc RJ - 6th Education World Congress Sesc RJ","og_description":"Educa\u00e7\u00e3o: Acreditamos que a educa\u00e7\u00e3o permanente \u00e9 uma a\u00e7\u00e3o social e que, inspirada pelo conhecimento e pela pesquisa, transforma realidades.","og_url":"https:\/\/congressomundialdeeducacao.com.br\/en\/education-at-sesc-rj-2\/","og_site_name":"6th Education World Congress Sesc RJ","article_modified_time":"2025-08-11T20:07:58+00:00","og_image":[{"width":1918,"height":336,"url":"https:\/\/congressomundialdeeducacao.com.br\/wp-content\/uploads\/2025\/08\/banner-internas.png","type":"image\/png"}],"twitter_card":"summary_large_image","twitter_misc":{"Est. reading time":"3 minutes"},"schema":{"@context":"https:\/\/schema.org","@graph":[{"@type":"WebPage","@id":"https:\/\/congressomundialdeeducacao.com.br\/en\/education-at-sesc-rj-2\/","url":"https:\/\/congressomundialdeeducacao.com.br\/en\/education-at-sesc-rj-2\/","name":"Education at Sesc RJ - 6th Education World Congress Sesc RJ","isPartOf":{"@id":"https:\/\/congressomundialdeeducacao.com.br\/en\/#website"},"primaryImageOfPage":{"@id":"https:\/\/congressomundialdeeducacao.com.br\/en\/education-at-sesc-rj-2\/#primaryimage"},"image":{"@id":"https:\/\/congressomundialdeeducacao.com.br\/en\/education-at-sesc-rj-2\/#primaryimage"},"thumbnailUrl":"https:\/\/congressomundialdeeducacao.com.br\/wp-content\/uploads\/2025\/08\/banner-internas.png","datePublished":"2021-09-01T20:34:41+00:00","dateModified":"2025-08-11T20:07:58+00:00","description":"Educa\u00e7\u00e3o: Acreditamos que a educa\u00e7\u00e3o permanente \u00e9 uma a\u00e7\u00e3o social e que, inspirada pelo conhecimento e pela pesquisa, transforma realidades.","breadcrumb":{"@id":"https:\/\/congressomundialdeeducacao.com.br\/en\/education-at-sesc-rj-2\/#breadcrumb"},"inLanguage":"en-US","potentialAction":[{"@type":"ReadAction","target":[["https:\/\/congressomundialdeeducacao.com.br\/en\/education-at-sesc-rj-2\/"]]}]},{"@type":"ImageObject","inLanguage":"en-US","@id":"https:\/\/congressomundialdeeducacao.com.br\/en\/education-at-sesc-rj-2\/#primaryimage","url":"https:\/\/congressomundialdeeducacao.com.br\/wp-content\/uploads\/2025\/08\/banner-internas.png","contentUrl":"https:\/\/congressomundialdeeducacao.com.br\/wp-content\/uploads\/2025\/08\/banner-internas.png","width":1918,"height":336},{"@type":"BreadcrumbList","@id":"https:\/\/congressomundialdeeducacao.com.br\/en\/education-at-sesc-rj-2\/#breadcrumb","itemListElement":[{"@type":"ListItem","position":1,"name":"Home","item":"https:\/\/congressomundialdeeducacao.com.br\/en\/"},{"@type":"ListItem","position":2,"name":"Education at Sesc RJ"}]},{"@type":"WebSite","@id":"https:\/\/congressomundialdeeducacao.com.br\/en\/#website","url":"https:\/\/congressomundialdeeducacao.com.br\/en\/","name":"6th Education World Congress Sesc RJ","description":"6th Education World Congress Sesc RJ","potentialAction":[{"@type":"SearchAction","target":{"@type":"EntryPoint","urlTemplate":"https:\/\/congressomundialdeeducacao.com.br\/en\/?s={search_term_string}"},"query-input":{"@type":"PropertyValueSpecification","valueRequired":true,"valueName":"search_term_string"}}],"inLanguage":"en-US"}]}},"_links":{"self":[{"href":"https:\/\/congressomundialdeeducacao.com.br\/en\/wp-json\/wp\/v2\/pages\/12","targetHints":{"allow":["GET"]}}],"collection":[{"href":"https:\/\/congressomundialdeeducacao.com.br\/en\/wp-json\/wp\/v2\/pages"}],"about":[{"href":"https:\/\/congressomundialdeeducacao.com.br\/en\/wp-json\/wp\/v2\/types\/page"}],"author":[{"embeddable":true,"href":"https:\/\/congressomundialdeeducacao.com.br\/en\/wp-json\/wp\/v2\/users\/1"}],"replies":[{"embeddable":true,"href":"https:\/\/congressomundialdeeducacao.com.br\/en\/wp-json\/wp\/v2\/comments?post=12"}],"version-history":[{"count":4,"href":"https:\/\/congressomundialdeeducacao.com.br\/en\/wp-json\/wp\/v2\/pages\/12\/revisions"}],"predecessor-version":[{"id":3231,"href":"https:\/\/congressomundialdeeducacao.com.br\/en\/wp-json\/wp\/v2\/pages\/12\/revisions\/3231"}],"wp:featuredmedia":[{"embeddable":true,"href":"https:\/\/congressomundialdeeducacao.com.br\/en\/wp-json\/wp\/v2\/media\/3223"}],"wp:attachment":[{"href":"https:\/\/congressomundialdeeducacao.com.br\/en\/wp-json\/wp\/v2\/media?parent=12"}],"curies":[{"name":"wp","href":"https:\/\/api.w.org\/{rel}","templated":true}]}}